{"id":8931,"date":"2022-12-12T14:51:41","date_gmt":"2022-12-12T14:51:41","guid":{"rendered":"https:\/\/solayatravel.com\/?page_id=8931"},"modified":"2022-12-14T11:07:32","modified_gmt":"2022-12-14T11:07:32","slug":"nuestra-politica-de-privacidad","status":"publish","type":"page","link":"https:\/\/solayatravel.com\/es\/nuestra-politica-de-privacidad\/","title":{"rendered":"Nuestra pol\u00edtica de privacidad"},"content":{"rendered":"\n<p>Su privacidad es muy importante para nosotros en Noot Travel. Una de nuestras principales prioridades es proteger siempre la informaci\u00f3n personal de nuestros clientes.<\/p>\n\n\n\n<p>1. Poseemos informaci\u00f3n personal recopilada de nuestros clientes, como nombre, direcci\u00f3n, n\u00famero de pasaporte, etc.). Recopilamos la informaci\u00f3n personal solo de conformidad con las normas y directrices pertinentes. Mantenemos una pol\u00edtica de seguridad adecuada para garantizar que la informaci\u00f3n personal no est\u00e9 sujeta a fugas y otros riesgos, e implementamos las medidas adecuadas de manera r\u00e1pida en caso de que ocurra alg\u00fan problema.<\/p>\n\n\n\n<p>2. Utilizamos la informaci\u00f3n personal recopilada de los clientes seg\u00fan sea razonablemente necesario para comunicarnos con los clientes y para proporcionar servicios relacionados con viajes, como reservas de transporte y alojamiento. De vez en cuando, utilizamos informaci\u00f3n personal para enviarle nuestra informaci\u00f3n de servicio y solicitar cuestionarios.<\/p>\n\n\n\n<p>3. Si desea obtener acceso, eliminar, revisar o evitar el uso de su informaci\u00f3n personal que poseemos, comun\u00edquese con nosotros. Atenderemos con prontitud las solicitudes de conformidad con las leyes egipcias pertinentes y nuestra pol\u00edtica corporativa.<\/p>\n","protected":false},"excerpt":{"rendered":"<p>Su privacidad es muy importante para nosotros en Noot Travel. Una de nuestras principales prioridades es proteger siempre la informaci\u00f3n personal de nuestros clientes. 1. Poseemos informaci\u00f3n personal recopilada de nuestros clientes, como nombre, direcci\u00f3n, n\u00famero de pasaporte, etc.). Recopilamos la informaci\u00f3n personal solo de conformidad con las normas y directrices pertinentes. Mantenemos una pol\u00edtica [&hellip;]<\/p>\n","protected":false},"author":1,"featured_media":0,"parent":0,"menu_order":0,"comment_status":"closed","ping_status":"closed","template":"","meta":{"inline_featured_image":false,"footnotes":""},"class_list":["post-8931","page","type-page","status-publish","hentry"],"yoast_head":"<!-- This site is optimized with the Yoast SEO plugin v27.2 - https:\/\/yoast.com\/product\/yoast-seo-wordpress\/ -->\n<title>Nuestra pol\u00edtica de privacidad - Solaya Travel<\/title>\n<meta name=\"robots\" content=\"index, follow, max-snippet:-1, max-image-preview:large, max-video-preview:-1\" \/>\n<link rel=\"canonical\" href=\"https:\/\/solayatravel.com\/es\/nuestra-politica-de-privacidad\/\" \/>\n<meta property=\"og:locale\" content=\"es_ES\" \/>\n<meta property=\"og:type\" content=\"article\" \/>\n<meta property=\"og:title\" content=\"Nuestra pol\u00edtica de privacidad - Solaya Travel\" \/>\n<meta property=\"og:description\" content=\"Su privacidad es muy importante para nosotros en Noot Travel. Una de nuestras principales prioridades es proteger siempre la informaci\u00f3n personal de nuestros clientes. 1. Poseemos informaci\u00f3n personal recopilada de nuestros clientes, como nombre, direcci\u00f3n, n\u00famero de pasaporte, etc.). Recopilamos la informaci\u00f3n personal solo de conformidad con las normas y directrices pertinentes. Mantenemos una pol\u00edtica [&hellip;]\" \/>\n<meta property=\"og:url\" content=\"https:\/\/solayatravel.com\/es\/nuestra-politica-de-privacidad\/\" \/>\n<meta property=\"og:site_name\" content=\"Solaya Travel\" \/>\n<meta property=\"article:modified_time\" content=\"2022-12-14T11:07:32+00:00\" \/>\n<meta name=\"twitter:card\" content=\"summary_large_image\" \/>\n<meta name=\"twitter:label1\" content=\"Tiempo de lectura\" \/>\n\t<meta name=\"twitter:data1\" content=\"1 minuto\" \/>\n<script type=\"application\/ld+json\" class=\"yoast-schema-graph\">{\"@context\":\"https:\/\/schema.org\",\"@graph\":[{\"@type\":\"WebPage\",\"@id\":\"https:\/\/solayatravel.com\/es\/nuestra-politica-de-privacidad\/\",\"url\":\"https:\/\/solayatravel.com\/es\/nuestra-politica-de-privacidad\/\",\"name\":\"Nuestra pol\u00edtica de privacidad - Solaya Travel\",\"isPartOf\":{\"@id\":\"https:\/\/solayatravel.com\/es\/#website\"},\"datePublished\":\"2022-12-12T14:51:41+00:00\",\"dateModified\":\"2022-12-14T11:07:32+00:00\",\"breadcrumb\":{\"@id\":\"https:\/\/solayatravel.com\/es\/nuestra-politica-de-privacidad\/#breadcrumb\"},\"inLanguage\":\"es\",\"potentialAction\":[{\"@type\":\"ReadAction\",\"target\":[\"https:\/\/solayatravel.com\/es\/nuestra-politica-de-privacidad\/\"]}]},{\"@type\":\"BreadcrumbList\",\"@id\":\"https:\/\/solayatravel.com\/es\/nuestra-politica-de-privacidad\/#breadcrumb\",\"itemListElement\":[{\"@type\":\"ListItem\",\"position\":1,\"name\":\"Home\",\"item\":\"https:\/\/solayatravel.com\/es\/\"},{\"@type\":\"ListItem\",\"position\":2,\"name\":\"Nuestra pol\u00edtica de privacidad\"}]},{\"@type\":\"WebSite\",\"@id\":\"https:\/\/solayatravel.com\/es\/#website\",\"url\":\"https:\/\/solayatravel.com\/es\/\",\"name\":\"Solaya Travel\",\"description\":\"\",\"potentialAction\":[{\"@type\":\"SearchAction\",\"target\":{\"@type\":\"EntryPoint\",\"urlTemplate\":\"https:\/\/solayatravel.com\/es\/?s={search_term_string}\"},\"query-input\":{\"@type\":\"PropertyValueSpecification\",\"valueRequired\":true,\"valueName\":\"search_term_string\"}}],\"inLanguage\":\"es\"}]}<\/script>\n<!-- \/ Yoast SEO plugin. -->","yoast_head_json":{"title":"Nuestra pol\u00edtica de privacidad - Solaya Travel","robots":{"index":"index","follow":"follow","max-snippet":"max-snippet:-1","max-image-preview":"max-image-preview:large","max-video-preview":"max-video-preview:-1"},"canonical":"https:\/\/solayatravel.com\/es\/nuestra-politica-de-privacidad\/","og_locale":"es_ES","og_type":"article","og_title":"Nuestra pol\u00edtica de privacidad - Solaya Travel","og_description":"Su privacidad es muy importante para nosotros en Noot Travel. Una de nuestras principales prioridades es proteger siempre la informaci\u00f3n personal de nuestros clientes. 1. Poseemos informaci\u00f3n personal recopilada de nuestros clientes, como nombre, direcci\u00f3n, n\u00famero de pasaporte, etc.). Recopilamos la informaci\u00f3n personal solo de conformidad con las normas y directrices pertinentes. Mantenemos una pol\u00edtica [&hellip;]","og_url":"https:\/\/solayatravel.com\/es\/nuestra-politica-de-privacidad\/","og_site_name":"Solaya Travel","article_modified_time":"2022-12-14T11:07:32+00:00","twitter_card":"summary_large_image","twitter_misc":{"Tiempo de lectura":"1 minuto"},"schema":{"@context":"https:\/\/schema.org","@graph":[{"@type":"WebPage","@id":"https:\/\/solayatravel.com\/es\/nuestra-politica-de-privacidad\/","url":"https:\/\/solayatravel.com\/es\/nuestra-politica-de-privacidad\/","name":"Nuestra pol\u00edtica de privacidad - Solaya Travel","isPartOf":{"@id":"https:\/\/solayatravel.com\/es\/#website"},"datePublished":"2022-12-12T14:51:41+00:00","dateModified":"2022-12-14T11:07:32+00:00","breadcrumb":{"@id":"https:\/\/solayatravel.com\/es\/nuestra-politica-de-privacidad\/#breadcrumb"},"inLanguage":"es","potentialAction":[{"@type":"ReadAction","target":["https:\/\/solayatravel.com\/es\/nuestra-politica-de-privacidad\/"]}]},{"@type":"BreadcrumbList","@id":"https:\/\/solayatravel.com\/es\/nuestra-politica-de-privacidad\/#breadcrumb","itemListElement":[{"@type":"ListItem","position":1,"name":"Home","item":"https:\/\/solayatravel.com\/es\/"},{"@type":"ListItem","position":2,"name":"Nuestra pol\u00edtica de privacidad"}]},{"@type":"WebSite","@id":"https:\/\/solayatravel.com\/es\/#website","url":"https:\/\/solayatravel.com\/es\/","name":"Solaya Travel","description":"","potentialAction":[{"@type":"SearchAction","target":{"@type":"EntryPoint","urlTemplate":"https:\/\/solayatravel.com\/es\/?s={search_term_string}"},"query-input":{"@type":"PropertyValueSpecification","valueRequired":true,"valueName":"search_term_string"}}],"inLanguage":"es"}]}},"_links":{"self":[{"href":"https:\/\/solayatravel.com\/es\/wp-json\/wp\/v2\/pages\/8931","targetHints":{"allow":["GET"]}}],"collection":[{"href":"https:\/\/solayatravel.com\/es\/wp-json\/wp\/v2\/pages"}],"about":[{"href":"https:\/\/solayatravel.com\/es\/wp-json\/wp\/v2\/types\/page"}],"author":[{"embeddable":true,"href":"https:\/\/solayatravel.com\/es\/wp-json\/wp\/v2\/users\/1"}],"replies":[{"embeddable":true,"href":"https:\/\/solayatravel.com\/es\/wp-json\/wp\/v2\/comments?post=8931"}],"version-history":[{"count":1,"href":"https:\/\/solayatravel.com\/es\/wp-json\/wp\/v2\/pages\/8931\/revisions"}],"predecessor-version":[{"id":8932,"href":"https:\/\/solayatravel.com\/es\/wp-json\/wp\/v2\/pages\/8931\/revisions\/8932"}],"wp:attachment":[{"href":"https:\/\/solayatravel.com\/es\/wp-json\/wp\/v2\/media?parent=8931"}],"curies":[{"name":"wp","href":"https:\/\/api.w.org\/{rel}","templated":true}]}}