{"id":8929,"date":"2022-12-12T14:51:41","date_gmt":"2022-12-12T14:51:41","guid":{"rendered":"https:\/\/solayatravel.com\/?page_id=8929"},"modified":"2022-12-14T11:07:57","modified_gmt":"2022-12-14T11:07:57","slug":"politica-de-privacidade","status":"publish","type":"page","link":"https:\/\/solayatravel.com\/pt-br\/politica-de-privacidade\/","title":{"rendered":"Nossa Pol\u00edtica de Privacidade"},"content":{"rendered":"\n<p>Sua privacidade \u00e9 muito importante para n\u00f3s da Noot Travel. \u00c9 uma das nossas principais prioridades proteger sempre as informa\u00e7\u00f5es pessoais dos nossos clientes.<\/p>\n\n\n\n<p>1. Possu\u00edmos informa\u00e7\u00f5es pessoais coletadas de nossos clientes, como nome, endere\u00e7o, n\u00famero do passaporte, etc.). Coletamos as informa\u00e7\u00f5es pessoais apenas em conformidade com os regulamentos e diretrizes relevantes. Mantemos uma pol\u00edtica de seguran\u00e7a adequada para garantir que as informa\u00e7\u00f5es pessoais n\u00e3o estejam sujeitas a vazamentos e outros riscos, e implementamos as medidas adequadas de forma imediata caso ocorra algum problema.<\/p>\n\n\n\n<p>2. Usamos as informa\u00e7\u00f5es pessoais coletadas dos clientes conforme razoavelmente necess\u00e1rio para entrar em contato com os clientes, bem como para fornecer servi\u00e7os relacionados a viagens, como reservas de transporte e acomoda\u00e7\u00f5es. N\u00f3s, de tempos em tempos, usamos informa\u00e7\u00f5es pessoais para enviar nossas informa\u00e7\u00f5es de servi\u00e7o e solicitar question\u00e1rios.<\/p>\n\n\n\n<p>3. Se voc\u00ea deseja obter acesso, excluir, revisar ou impedir o uso de suas informa\u00e7\u00f5es pessoais que possu\u00edmos, entre em contato conosco. Lidaremos prontamente com solicita\u00e7\u00f5es em conformidade com as leis eg\u00edpcias relevantes e nossa pol\u00edtica corporativa.<\/p>\n","protected":false},"excerpt":{"rendered":"<p>Sua privacidade \u00e9 muito importante para n\u00f3s da Noot Travel. \u00c9 uma das nossas principais prioridades proteger sempre as informa\u00e7\u00f5es pessoais dos nossos clientes. 1. Possu\u00edmos informa\u00e7\u00f5es pessoais coletadas de nossos clientes, como nome, endere\u00e7o, n\u00famero do passaporte, etc.). Coletamos as informa\u00e7\u00f5es pessoais apenas em conformidade com os regulamentos e diretrizes relevantes. Mantemos uma pol\u00edtica [&hellip;]<\/p>\n","protected":false},"author":1,"featured_media":0,"parent":0,"menu_order":0,"comment_status":"closed","ping_status":"closed","template":"","meta":{"inline_featured_image":false,"footnotes":""},"class_list":["post-8929","page","type-page","status-publish","hentry"],"yoast_head":"<!-- This site is optimized with the Yoast SEO plugin v27.2 - https:\/\/yoast.com\/product\/yoast-seo-wordpress\/ -->\n<title>Nossa Pol\u00edtica de Privacidade - Solaya Travel<\/title>\n<meta name=\"robots\" content=\"index, follow, max-snippet:-1, max-image-preview:large, max-video-preview:-1\" \/>\n<link rel=\"canonical\" href=\"https:\/\/solayatravel.com\/pt-br\/politica-de-privacidade\/\" \/>\n<meta property=\"og:locale\" content=\"pt_BR\" \/>\n<meta property=\"og:type\" content=\"article\" \/>\n<meta property=\"og:title\" content=\"Nossa Pol\u00edtica de Privacidade - Solaya Travel\" \/>\n<meta property=\"og:description\" content=\"Sua privacidade \u00e9 muito importante para n\u00f3s da Noot Travel. \u00c9 uma das nossas principais prioridades proteger sempre as informa\u00e7\u00f5es pessoais dos nossos clientes. 1. Possu\u00edmos informa\u00e7\u00f5es pessoais coletadas de nossos clientes, como nome, endere\u00e7o, n\u00famero do passaporte, etc.). Coletamos as informa\u00e7\u00f5es pessoais apenas em conformidade com os regulamentos e diretrizes relevantes. Mantemos uma pol\u00edtica [&hellip;]\" \/>\n<meta property=\"og:url\" content=\"https:\/\/solayatravel.com\/pt-br\/politica-de-privacidade\/\" \/>\n<meta property=\"og:site_name\" content=\"Solaya Travel\" \/>\n<meta property=\"article:modified_time\" content=\"2022-12-14T11:07:57+00:00\" \/>\n<meta name=\"twitter:card\" content=\"summary_large_image\" \/>\n<meta name=\"twitter:label1\" content=\"Est. tempo de leitura\" \/>\n\t<meta name=\"twitter:data1\" content=\"1 minuto\" \/>\n<script type=\"application\/ld+json\" class=\"yoast-schema-graph\">{\"@context\":\"https:\/\/schema.org\",\"@graph\":[{\"@type\":\"WebPage\",\"@id\":\"https:\/\/solayatravel.com\/pt-br\/politica-de-privacidade\/\",\"url\":\"https:\/\/solayatravel.com\/pt-br\/politica-de-privacidade\/\",\"name\":\"Nossa Pol\u00edtica de Privacidade - Solaya Travel\",\"isPartOf\":{\"@id\":\"https:\/\/solayatravel.com\/pt-br\/#website\"},\"datePublished\":\"2022-12-12T14:51:41+00:00\",\"dateModified\":\"2022-12-14T11:07:57+00:00\",\"breadcrumb\":{\"@id\":\"https:\/\/solayatravel.com\/pt-br\/politica-de-privacidade\/#breadcrumb\"},\"inLanguage\":\"pt-BR\",\"potentialAction\":[{\"@type\":\"ReadAction\",\"target\":[\"https:\/\/solayatravel.com\/pt-br\/politica-de-privacidade\/\"]}]},{\"@type\":\"BreadcrumbList\",\"@id\":\"https:\/\/solayatravel.com\/pt-br\/politica-de-privacidade\/#breadcrumb\",\"itemListElement\":[{\"@type\":\"ListItem\",\"position\":1,\"name\":\"Home\",\"item\":\"https:\/\/solayatravel.com\/pt-br\/\"},{\"@type\":\"ListItem\",\"position\":2,\"name\":\"Nossa Pol\u00edtica de Privacidade\"}]},{\"@type\":\"WebSite\",\"@id\":\"https:\/\/solayatravel.com\/pt-br\/#website\",\"url\":\"https:\/\/solayatravel.com\/pt-br\/\",\"name\":\"Solaya Travel\",\"description\":\"\",\"potentialAction\":[{\"@type\":\"SearchAction\",\"target\":{\"@type\":\"EntryPoint\",\"urlTemplate\":\"https:\/\/solayatravel.com\/pt-br\/?s={search_term_string}\"},\"query-input\":{\"@type\":\"PropertyValueSpecification\",\"valueRequired\":true,\"valueName\":\"search_term_string\"}}],\"inLanguage\":\"pt-BR\"}]}<\/script>\n<!-- \/ Yoast SEO plugin. -->","yoast_head_json":{"title":"Nossa Pol\u00edtica de Privacidade - Solaya Travel","robots":{"index":"index","follow":"follow","max-snippet":"max-snippet:-1","max-image-preview":"max-image-preview:large","max-video-preview":"max-video-preview:-1"},"canonical":"https:\/\/solayatravel.com\/pt-br\/politica-de-privacidade\/","og_locale":"pt_BR","og_type":"article","og_title":"Nossa Pol\u00edtica de Privacidade - Solaya Travel","og_description":"Sua privacidade \u00e9 muito importante para n\u00f3s da Noot Travel. \u00c9 uma das nossas principais prioridades proteger sempre as informa\u00e7\u00f5es pessoais dos nossos clientes. 1. Possu\u00edmos informa\u00e7\u00f5es pessoais coletadas de nossos clientes, como nome, endere\u00e7o, n\u00famero do passaporte, etc.). Coletamos as informa\u00e7\u00f5es pessoais apenas em conformidade com os regulamentos e diretrizes relevantes. Mantemos uma pol\u00edtica [&hellip;]","og_url":"https:\/\/solayatravel.com\/pt-br\/politica-de-privacidade\/","og_site_name":"Solaya Travel","article_modified_time":"2022-12-14T11:07:57+00:00","twitter_card":"summary_large_image","twitter_misc":{"Est. tempo de leitura":"1 minuto"},"schema":{"@context":"https:\/\/schema.org","@graph":[{"@type":"WebPage","@id":"https:\/\/solayatravel.com\/pt-br\/politica-de-privacidade\/","url":"https:\/\/solayatravel.com\/pt-br\/politica-de-privacidade\/","name":"Nossa Pol\u00edtica de Privacidade - Solaya Travel","isPartOf":{"@id":"https:\/\/solayatravel.com\/pt-br\/#website"},"datePublished":"2022-12-12T14:51:41+00:00","dateModified":"2022-12-14T11:07:57+00:00","breadcrumb":{"@id":"https:\/\/solayatravel.com\/pt-br\/politica-de-privacidade\/#breadcrumb"},"inLanguage":"pt-BR","potentialAction":[{"@type":"ReadAction","target":["https:\/\/solayatravel.com\/pt-br\/politica-de-privacidade\/"]}]},{"@type":"BreadcrumbList","@id":"https:\/\/solayatravel.com\/pt-br\/politica-de-privacidade\/#breadcrumb","itemListElement":[{"@type":"ListItem","position":1,"name":"Home","item":"https:\/\/solayatravel.com\/pt-br\/"},{"@type":"ListItem","position":2,"name":"Nossa Pol\u00edtica de Privacidade"}]},{"@type":"WebSite","@id":"https:\/\/solayatravel.com\/pt-br\/#website","url":"https:\/\/solayatravel.com\/pt-br\/","name":"Solaya Travel","description":"","potentialAction":[{"@type":"SearchAction","target":{"@type":"EntryPoint","urlTemplate":"https:\/\/solayatravel.com\/pt-br\/?s={search_term_string}"},"query-input":{"@type":"PropertyValueSpecification","valueRequired":true,"valueName":"search_term_string"}}],"inLanguage":"pt-BR"}]}},"_links":{"self":[{"href":"https:\/\/solayatravel.com\/pt-br\/wp-json\/wp\/v2\/pages\/8929","targetHints":{"allow":["GET"]}}],"collection":[{"href":"https:\/\/solayatravel.com\/pt-br\/wp-json\/wp\/v2\/pages"}],"about":[{"href":"https:\/\/solayatravel.com\/pt-br\/wp-json\/wp\/v2\/types\/page"}],"author":[{"embeddable":true,"href":"https:\/\/solayatravel.com\/pt-br\/wp-json\/wp\/v2\/users\/1"}],"replies":[{"embeddable":true,"href":"https:\/\/solayatravel.com\/pt-br\/wp-json\/wp\/v2\/comments?post=8929"}],"version-history":[{"count":3,"href":"https:\/\/solayatravel.com\/pt-br\/wp-json\/wp\/v2\/pages\/8929\/revisions"}],"predecessor-version":[{"id":8934,"href":"https:\/\/solayatravel.com\/pt-br\/wp-json\/wp\/v2\/pages\/8929\/revisions\/8934"}],"wp:attachment":[{"href":"https:\/\/solayatravel.com\/pt-br\/wp-json\/wp\/v2\/media?parent=8929"}],"curies":[{"name":"wp","href":"https:\/\/api.w.org\/{rel}","templated":true}]}}